{"id":4347,"date":"2025-10-19T18:14:13","date_gmt":"2025-10-19T16:14:13","guid":{"rendered":"https:\/\/dalvest.pl\/?page_id=4347"},"modified":"2025-10-27T07:58:27","modified_gmt":"2025-10-27T06:58:27","slug":"blekitnezacisze","status":"publish","type":"page","link":"https:\/\/dalvest.pl\/?page_id=4347","title":{"rendered":"B\u0142\u0119kitne Zacisze"},"content":{"rendered":"\t\t<div data-elementor-type=\"wp-page\" data-elementor-id=\"4347\" class=\"elementor elementor-4347\">\n\t\t\t\t<div class=\"elementor-element elementor-element-4dca0f7d e-flex e-con-boxed e-con e-parent\" data-id=\"4dca0f7d\" data-element_type=\"container\" data-e-type=\"container\" data-settings=\"{&quot;background_background&quot;:&quot;classic&quot;}\">\n\t\t\t\t\t<div class=\"e-con-inner\">\n\t\t<div class=\"elementor-element elementor-element-4d80d685 e-con-full animated-slow e-flex elementor-invisible e-con e-child\" data-id=\"4d80d685\" data-element_type=\"container\" data-e-type=\"container\" data-settings=\"{&quot;animation&quot;:&quot;zoomIn&quot;}\">\n\t\t\t\t<div class=\"elementor-element elementor-element-13ee7efe elementor-widget__width-initial animated-slow elementor-widget elementor-widget-heading\" data-id=\"13ee7efe\" data-element_type=\"widget\" data-e-type=\"widget\" data-settings=\"{&quot;_animation&quot;:&quot;none&quot;,&quot;_animation_delay&quot;:&quot;200&quot;}\" data-widget_type=\"heading.default\">\n\t\t\t\t<div class=\"elementor-widget-container\">\n\t\t\t\t\t<h1 class=\"elementor-heading-title elementor-size-default\">Dalvest -\nTwoje marzenie o idealnym domu<\/h1>\t\t\t\t<\/div>\n\t\t\t\t<\/div>\n\t\t\t\t<div class=\"elementor-element elementor-element-36808630 elementor-widget elementor-widget-button\" data-id=\"36808630\" data-element_type=\"widget\" data-e-type=\"widget\" data-widget_type=\"button.default\">\n\t\t\t\t<div class=\"elementor-widget-container\">\n\t\t\t\t\t\t\t\t\t<div class=\"elementor-button-wrapper\">\n\t\t\t\t\t<a class=\"elementor-button elementor-button-link elementor-size-sm\" href=\"#inwestycja\">\n\t\t\t\t\t\t<span class=\"elementor-button-content-wrapper\">\n\t\t\t\t\t\t<span class=\"elementor-button-icon\">\n\t\t\t\t<svg aria-hidden=\"true\" class=\"e-font-icon-svg e-fas-arrow-right\" viewBox=\"0 0 448 512\" xmlns=\"http:\/\/www.w3.org\/2000\/svg\"><path d=\"M190.5 66.9l22.2-22.2c9.4-9.4 24.6-9.4 33.9 0L441 239c9.4 9.4 9.4 24.6 0 33.9L246.6 467.3c-9.4 9.4-24.6 9.4-33.9 0l-22.2-22.2c-9.5-9.5-9.3-25 .4-34.3L311.4 296H24c-13.3 0-24-10.7-24-24v-32c0-13.3 10.7-24 24-24h287.4L190.9 101.2c-9.8-9.3-10-24.8-.4-34.3z\"><\/path><\/svg>\t\t\t<\/span>\n\t\t\t\t\t\t\t\t\t<span class=\"elementor-button-text\">Poznaj inwestycj\u0119<\/span>\n\t\t\t\t\t<\/span>\n\t\t\t\t\t<\/a>\n\t\t\t\t<\/div>\n\t\t\t\t\t\t\t\t<\/div>\n\t\t\t\t<\/div>\n\t\t\t\t<\/div>\n\t\t\t\t\t<\/div>\n\t\t\t\t<\/div>\n\t\t<div class=\"elementor-element elementor-element-32ef0feb e-flex e-con-boxed e-con e-parent\" data-id=\"32ef0feb\" data-element_type=\"container\" data-e-type=\"container\">\n\t\t\t\t\t<div class=\"e-con-inner\">\n\t\t<div class=\"elementor-element elementor-element-7cd9ea71 e-con-full e-flex e-con e-child\" data-id=\"7cd9ea71\" data-element_type=\"container\" data-e-type=\"container\">\n\t\t\t\t<div class=\"elementor-element elementor-element-5c89796f elementor-widget elementor-widget-heading\" data-id=\"5c89796f\" data-element_type=\"widget\" data-e-type=\"widget\" data-widget_type=\"heading.default\">\n\t\t\t\t<div class=\"elementor-widget-container\">\n\t\t\t\t\t<h2 class=\"elementor-heading-title elementor-size-default\">B\u0142\u0119kitne zacisze<\/h2>\t\t\t\t<\/div>\n\t\t\t\t<\/div>\n\t\t\t\t<\/div>\n\t\t<div class=\"elementor-element elementor-element-1a3ec137 e-con-full e-flex e-con e-child\" data-id=\"1a3ec137\" data-element_type=\"container\" data-e-type=\"container\">\n\t\t\t\t<div class=\"elementor-element elementor-element-3cfd8aa2 elementor-widget elementor-widget-text-editor\" data-id=\"3cfd8aa2\" data-element_type=\"widget\" data-e-type=\"widget\" data-widget_type=\"text-editor.default\">\n\t\t\t\t<div class=\"elementor-widget-container\">\n\t\t\t\t\t\t\t\t\t<p data-start=\"319\" data-end=\"655\"><strong data-start=\"319\" data-end=\"339\">B\u0142\u0119kitne Zacisze<\/strong> to kameralne osiedle sk\u0142adaj\u0105ce si\u0119 z <strong data-start=\"378\" data-end=\"420\">pi\u0119ciu dom\u00f3w w zabudowie bli\u017aniaczej<\/strong>, oferuj\u0105cych \u0142\u0105cznie <strong data-start=\"442\" data-end=\"471\">osiem komfortowych lokali<\/strong>. Inwestycja powsta\u0142a z my\u015bl\u0105 o osobach, kt\u00f3re pragn\u0105 \u017cy\u0107 w harmonii z natur\u0105, w spokojnej i bezpiecznej okolicy, nie rezygnuj\u0105c przy tym z wygody codziennego \u017cycia w pobli\u017cu miasta.<\/p><p data-start=\"657\" data-end=\"934\">Osiedle po\u0142o\u017cone jest w <strong data-start=\"681\" data-end=\"692\">Kicinie<\/strong>, urokliwej miejscowo\u015bci po\u0142o\u017conej tu\u017c obok <strong data-start=\"736\" data-end=\"750\">Czerwonaka<\/strong> \u2013 zaledwie <strong data-start=\"762\" data-end=\"801\">kilkana\u015bcie minut drogi od Poznania<\/strong>. To idealna lokalizacja dla tych, kt\u00f3rzy szukaj\u0105 r\u00f3wnowagi pomi\u0119dzy spokojem podmiejskiego \u017cycia a blisko\u015bci\u0105 centrum aglomeracji.<\/p><h3 data-start=\"936\" data-end=\"970\">Blisko natury, blisko miasta<\/h3><p data-start=\"971\" data-end=\"1413\">Kicin to miejsce, kt\u00f3re zachwyca zieleni\u0105 i spokojem. W bezpo\u015brednim s\u0105siedztwie inwestycji znajduj\u0105 si\u0119 <strong data-start=\"1076\" data-end=\"1137\">rozleg\u0142e tereny le\u015bne, \u015bcie\u017cki spacerowe i trasy rowerowe<\/strong>, kt\u00f3re sprzyjaj\u0105 aktywnemu wypoczynkowi i relaksowi na \u015bwie\u017cym powietrzu. Jednocze\u015bnie w kilka minut mo\u017cna dotrze\u0107 do Czerwonaka, gdzie dost\u0119pne s\u0105 wszystkie udogodnienia miejskiej infrastruktury \u2013 <strong data-start=\"1336\" data-end=\"1410\">sklepy, szko\u0142y, przedszkola, urz\u0119dy, dworzec PKP i komunikacja miejska<\/strong>.<\/p><p data-start=\"1415\" data-end=\"1597\">Dzi\u0119ki dogodnej lokalizacji mieszka\u0144cy mog\u0105 cieszy\u0107 si\u0119 <strong data-start=\"1471\" data-end=\"1495\">cisz\u0105 i przestrzeni\u0105<\/strong>, a jednocze\u015bnie mie\u0107 szybki dojazd do Poznania \u2013 zar\u00f3wno samochodem, jak i poci\u0105giem czy autobusem.<\/p><h3 data-start=\"1599\" data-end=\"1643\">Komfort, nowoczesno\u015b\u0107 i funkcjonalno\u015b\u0107<\/h3><p data-start=\"1644\" data-end=\"2042\">Domy w inwestycji <strong data-start=\"1662\" data-end=\"1682\">B\u0142\u0119kitne Zacisze<\/strong> wyr\u00f3\u017cniaj\u0105 si\u0119 <strong data-start=\"1698\" data-end=\"1725\">nowoczesn\u0105 architektur\u0105<\/strong>, eleganck\u0105 form\u0105 oraz <strong data-start=\"1748\" data-end=\"1781\">przemy\u015blanymi uk\u0142adami wn\u0119trz<\/strong>, kt\u00f3re zapewniaj\u0105 maksymalny komfort codziennego u\u017cytkowania. Ka\u017cdy lokal posiada <strong data-start=\"1864\" data-end=\"1905\">przestronny salon z wyj\u015bciem na ogr\u00f3d<\/strong>, jasn\u0105 stref\u0119 dzienn\u0105 z du\u017cymi przeszkleniami, <strong data-start=\"1953\" data-end=\"1977\">funkcjonaln\u0105 kuchni\u0119<\/strong> i wygodne pomieszczenia na pi\u0119trze, idealne dla ca\u0142ej rodziny.<\/p><p data-start=\"2044\" data-end=\"2188\">W\u0142asny ogr\u00f3dek, miejsce postojowe i spokojne otoczenie sprawiaj\u0105, \u017ce <strong data-start=\"2113\" data-end=\"2133\">B\u0142\u0119kitne Zacisze<\/strong> to miejsce, do kt\u00f3rego chce si\u0119 wraca\u0107 ka\u017cdego dnia.<\/p>\t\t\t\t\t\t\t\t<\/div>\n\t\t\t\t<\/div>\n\t\t\t\t<\/div>\n\t\t<div class=\"elementor-element elementor-element-6bb0272b e-con-full e-flex e-con e-child\" data-id=\"6bb0272b\" data-element_type=\"container\" data-e-type=\"container\">\n\t\t\t\t<div class=\"elementor-element elementor-element-2463c230 gallery-spacing-custom elementor-widget elementor-widget-image-gallery\" data-id=\"2463c230\" data-element_type=\"widget\" data-e-type=\"widget\" data-widget_type=\"image-gallery.default\">\n\t\t\t\t<div class=\"elementor-widget-container\">\n\t\t\t\t\t\t\t<div class=\"elementor-image-gallery\">\n\t\t\t<div id='gallery-1' class='gallery galleryid-4347 gallery-columns-4 gallery-size-full'><figure class='gallery-item'>\n\t\t\t<div class='gallery-icon landscape'>\n\t\t\t\t<a data-elementor-open-lightbox=\"yes\" data-elementor-lightbox-slideshow=\"2463c230\" data-elementor-lightbox-title=\"Blekitne1\" data-e-action-hash=\"#elementor-action%3Aaction%3Dlightbox%26settings%3DeyJpZCI6NDc1OSwidXJsIjoiaHR0cHM6XC9cL2RhbHZlc3QucGxcL3dwLWNvbnRlbnRcL3VwbG9hZHNcLzIwMjVcLzEwXC9CbGVraXRuZTEtc2NhbGVkLmpwZyIsInNsaWRlc2hvdyI6IjI0NjNjMjMwIn0%3D\" href='https:\/\/dalvest.pl\/wp-content\/uploads\/2025\/10\/Blekitne1-scaled.jpg'><img fetchpriority=\"high\" decoding=\"async\" width=\"2560\" height=\"1506\" src=\"https:\/\/dalvest.pl\/wp-content\/uploads\/2025\/10\/Blekitne1-scaled.jpg\" class=\"attachment-full size-full\" alt=\"\" srcset=\"https:\/\/dalvest.pl\/wp-content\/uploads\/2025\/10\/Blekitne1-scaled.jpg 2560w, https:\/\/dalvest.pl\/wp-content\/uploads\/2025\/10\/Blekitne1-300x176.jpg 300w, https:\/\/dalvest.pl\/wp-content\/uploads\/2025\/10\/Blekitne1-1024x602.jpg 1024w, https:\/\/dalvest.pl\/wp-content\/uploads\/2025\/10\/Blekitne1-768x452.jpg 768w, https:\/\/dalvest.pl\/wp-content\/uploads\/2025\/10\/Blekitne1-1536x904.jpg 1536w, https:\/\/dalvest.pl\/wp-content\/uploads\/2025\/10\/Blekitne1-2048x1205.jpg 2048w\" sizes=\"(max-width: 2560px) 100vw, 2560px\" \/><\/a>\n\t\t\t<\/div><\/figure><figure class='gallery-item'>\n\t\t\t<div class='gallery-icon landscape'>\n\t\t\t\t<a data-elementor-open-lightbox=\"yes\" data-elementor-lightbox-slideshow=\"2463c230\" data-elementor-lightbox-title=\"Blekitne2\" data-e-action-hash=\"#elementor-action%3Aaction%3Dlightbox%26settings%3DeyJpZCI6NDc2MCwidXJsIjoiaHR0cHM6XC9cL2RhbHZlc3QucGxcL3dwLWNvbnRlbnRcL3VwbG9hZHNcLzIwMjVcLzEwXC9CbGVraXRuZTItc2NhbGVkLmpwZyIsInNsaWRlc2hvdyI6IjI0NjNjMjMwIn0%3D\" href='https:\/\/dalvest.pl\/wp-content\/uploads\/2025\/10\/Blekitne2-scaled.jpg'><img decoding=\"async\" width=\"2560\" height=\"1506\" src=\"https:\/\/dalvest.pl\/wp-content\/uploads\/2025\/10\/Blekitne2-scaled.jpg\" class=\"attachment-full size-full\" alt=\"\" srcset=\"https:\/\/dalvest.pl\/wp-content\/uploads\/2025\/10\/Blekitne2-scaled.jpg 2560w, https:\/\/dalvest.pl\/wp-content\/uploads\/2025\/10\/Blekitne2-300x176.jpg 300w, https:\/\/dalvest.pl\/wp-content\/uploads\/2025\/10\/Blekitne2-1024x602.jpg 1024w, https:\/\/dalvest.pl\/wp-content\/uploads\/2025\/10\/Blekitne2-768x452.jpg 768w, https:\/\/dalvest.pl\/wp-content\/uploads\/2025\/10\/Blekitne2-1536x904.jpg 1536w, https:\/\/dalvest.pl\/wp-content\/uploads\/2025\/10\/Blekitne2-2048x1205.jpg 2048w\" sizes=\"(max-width: 2560px) 100vw, 2560px\" \/><\/a>\n\t\t\t<\/div><\/figure><figure class='gallery-item'>\n\t\t\t<div class='gallery-icon landscape'>\n\t\t\t\t<a data-elementor-open-lightbox=\"yes\" data-elementor-lightbox-slideshow=\"2463c230\" data-elementor-lightbox-title=\"Blekitne3\" data-e-action-hash=\"#elementor-action%3Aaction%3Dlightbox%26settings%3DeyJpZCI6NDc2MSwidXJsIjoiaHR0cHM6XC9cL2RhbHZlc3QucGxcL3dwLWNvbnRlbnRcL3VwbG9hZHNcLzIwMjVcLzEwXC9CbGVraXRuZTMtc2NhbGVkLmpwZyIsInNsaWRlc2hvdyI6IjI0NjNjMjMwIn0%3D\" href='https:\/\/dalvest.pl\/wp-content\/uploads\/2025\/10\/Blekitne3-scaled.jpg'><img decoding=\"async\" width=\"2560\" height=\"1504\" src=\"https:\/\/dalvest.pl\/wp-content\/uploads\/2025\/10\/Blekitne3-scaled.jpg\" class=\"attachment-full size-full\" alt=\"\" srcset=\"https:\/\/dalvest.pl\/wp-content\/uploads\/2025\/10\/Blekitne3-scaled.jpg 2560w, https:\/\/dalvest.pl\/wp-content\/uploads\/2025\/10\/Blekitne3-300x176.jpg 300w, https:\/\/dalvest.pl\/wp-content\/uploads\/2025\/10\/Blekitne3-1024x602.jpg 1024w, https:\/\/dalvest.pl\/wp-content\/uploads\/2025\/10\/Blekitne3-768x451.jpg 768w, https:\/\/dalvest.pl\/wp-content\/uploads\/2025\/10\/Blekitne3-1536x902.jpg 1536w, https:\/\/dalvest.pl\/wp-content\/uploads\/2025\/10\/Blekitne3-2048x1203.jpg 2048w\" sizes=\"(max-width: 2560px) 100vw, 2560px\" \/><\/a>\n\t\t\t<\/div><\/figure><figure class='gallery-item'>\n\t\t\t<div class='gallery-icon landscape'>\n\t\t\t\t<a data-elementor-open-lightbox=\"yes\" data-elementor-lightbox-slideshow=\"2463c230\" data-elementor-lightbox-title=\"Blekitne4\" data-e-action-hash=\"#elementor-action%3Aaction%3Dlightbox%26settings%3DeyJpZCI6NDc2MiwidXJsIjoiaHR0cHM6XC9cL2RhbHZlc3QucGxcL3dwLWNvbnRlbnRcL3VwbG9hZHNcLzIwMjVcLzEwXC9CbGVraXRuZTQtc2NhbGVkLmpwZyIsInNsaWRlc2hvdyI6IjI0NjNjMjMwIn0%3D\" href='https:\/\/dalvest.pl\/wp-content\/uploads\/2025\/10\/Blekitne4-scaled.jpg'><img loading=\"lazy\" decoding=\"async\" width=\"2560\" height=\"1506\" src=\"https:\/\/dalvest.pl\/wp-content\/uploads\/2025\/10\/Blekitne4-scaled.jpg\" class=\"attachment-full size-full\" alt=\"\" srcset=\"https:\/\/dalvest.pl\/wp-content\/uploads\/2025\/10\/Blekitne4-scaled.jpg 2560w, https:\/\/dalvest.pl\/wp-content\/uploads\/2025\/10\/Blekitne4-300x176.jpg 300w, https:\/\/dalvest.pl\/wp-content\/uploads\/2025\/10\/Blekitne4-1024x602.jpg 1024w, https:\/\/dalvest.pl\/wp-content\/uploads\/2025\/10\/Blekitne4-768x452.jpg 768w, https:\/\/dalvest.pl\/wp-content\/uploads\/2025\/10\/Blekitne4-1536x904.jpg 1536w, https:\/\/dalvest.pl\/wp-content\/uploads\/2025\/10\/Blekitne4-2048x1205.jpg 2048w\" sizes=\"(max-width: 2560px) 100vw, 2560px\" \/><\/a>\n\t\t\t<\/div><\/figure><figure class='gallery-item'>\n\t\t\t<div class='gallery-icon landscape'>\n\t\t\t\t<a data-elementor-open-lightbox=\"yes\" data-elementor-lightbox-slideshow=\"2463c230\" data-elementor-lightbox-title=\"Parter - salon\" data-e-action-hash=\"#elementor-action%3Aaction%3Dlightbox%26settings%3DeyJpZCI6NDc2MywidXJsIjoiaHR0cHM6XC9cL2RhbHZlc3QucGxcL3dwLWNvbnRlbnRcL3VwbG9hZHNcLzIwMjVcLzEwXC9QYXJ0ZXItc2Fsb24uanBnIiwic2xpZGVzaG93IjoiMjQ2M2MyMzAifQ%3D%3D\" href='https:\/\/dalvest.pl\/wp-content\/uploads\/2025\/10\/Parter-salon.jpg'><img loading=\"lazy\" decoding=\"async\" width=\"1920\" height=\"1080\" src=\"https:\/\/dalvest.pl\/wp-content\/uploads\/2025\/10\/Parter-salon.jpg\" class=\"attachment-full size-full\" alt=\"\" srcset=\"https:\/\/dalvest.pl\/wp-content\/uploads\/2025\/10\/Parter-salon.jpg 1920w, https:\/\/dalvest.pl\/wp-content\/uploads\/2025\/10\/Parter-salon-300x169.jpg 300w, https:\/\/dalvest.pl\/wp-content\/uploads\/2025\/10\/Parter-salon-1024x576.jpg 1024w, https:\/\/dalvest.pl\/wp-content\/uploads\/2025\/10\/Parter-salon-768x432.jpg 768w, https:\/\/dalvest.pl\/wp-content\/uploads\/2025\/10\/Parter-salon-1536x864.jpg 1536w\" sizes=\"(max-width: 1920px) 100vw, 1920px\" \/><\/a>\n\t\t\t<\/div><\/figure><figure class='gallery-item'>\n\t\t\t<div class='gallery-icon landscape'>\n\t\t\t\t<a data-elementor-open-lightbox=\"yes\" data-elementor-lightbox-slideshow=\"2463c230\" data-elementor-lightbox-title=\"Parter - Salon1\" data-e-action-hash=\"#elementor-action%3Aaction%3Dlightbox%26settings%3DeyJpZCI6NDc2NCwidXJsIjoiaHR0cHM6XC9cL2RhbHZlc3QucGxcL3dwLWNvbnRlbnRcL3VwbG9hZHNcLzIwMjVcLzEwXC9QYXJ0ZXItU2Fsb24xLmpwZyIsInNsaWRlc2hvdyI6IjI0NjNjMjMwIn0%3D\" href='https:\/\/dalvest.pl\/wp-content\/uploads\/2025\/10\/Parter-Salon1.jpg'><img loading=\"lazy\" decoding=\"async\" width=\"1920\" height=\"1080\" src=\"https:\/\/dalvest.pl\/wp-content\/uploads\/2025\/10\/Parter-Salon1.jpg\" class=\"attachment-full size-full\" alt=\"\" srcset=\"https:\/\/dalvest.pl\/wp-content\/uploads\/2025\/10\/Parter-Salon1.jpg 1920w, https:\/\/dalvest.pl\/wp-content\/uploads\/2025\/10\/Parter-Salon1-300x169.jpg 300w, https:\/\/dalvest.pl\/wp-content\/uploads\/2025\/10\/Parter-Salon1-1024x576.jpg 1024w, https:\/\/dalvest.pl\/wp-content\/uploads\/2025\/10\/Parter-Salon1-768x432.jpg 768w, https:\/\/dalvest.pl\/wp-content\/uploads\/2025\/10\/Parter-Salon1-1536x864.jpg 1536w\" sizes=\"(max-width: 1920px) 100vw, 1920px\" \/><\/a>\n\t\t\t<\/div><\/figure><figure class='gallery-item'>\n\t\t\t<div class='gallery-icon landscape'>\n\t\t\t\t<a data-elementor-open-lightbox=\"yes\" data-elementor-lightbox-slideshow=\"2463c230\" data-elementor-lightbox-title=\"Pie\u0328tro - \u0141azienka\" data-e-action-hash=\"#elementor-action%3Aaction%3Dlightbox%26settings%3DeyJpZCI6NDc2NSwidXJsIjoiaHR0cHM6XC9cL2RhbHZlc3QucGxcL3dwLWNvbnRlbnRcL3VwbG9hZHNcLzIwMjVcLzEwXC9QaWV0cm8tTGF6aWVua2EuanBnIiwic2xpZGVzaG93IjoiMjQ2M2MyMzAifQ%3D%3D\" href='https:\/\/dalvest.pl\/wp-content\/uploads\/2025\/10\/Pietro-Lazienka.jpg'><img loading=\"lazy\" decoding=\"async\" width=\"1920\" height=\"1080\" src=\"https:\/\/dalvest.pl\/wp-content\/uploads\/2025\/10\/Pietro-Lazienka.jpg\" class=\"attachment-full size-full\" alt=\"\" srcset=\"https:\/\/dalvest.pl\/wp-content\/uploads\/2025\/10\/Pietro-Lazienka.jpg 1920w, https:\/\/dalvest.pl\/wp-content\/uploads\/2025\/10\/Pietro-Lazienka-300x169.jpg 300w, https:\/\/dalvest.pl\/wp-content\/uploads\/2025\/10\/Pietro-Lazienka-1024x576.jpg 1024w, https:\/\/dalvest.pl\/wp-content\/uploads\/2025\/10\/Pietro-Lazienka-768x432.jpg 768w, https:\/\/dalvest.pl\/wp-content\/uploads\/2025\/10\/Pietro-Lazienka-1536x864.jpg 1536w\" sizes=\"(max-width: 1920px) 100vw, 1920px\" \/><\/a>\n\t\t\t<\/div><\/figure><figure class='gallery-item'>\n\t\t\t<div class='gallery-icon landscape'>\n\t\t\t\t<a data-elementor-open-lightbox=\"yes\" data-elementor-lightbox-slideshow=\"2463c230\" data-elementor-lightbox-title=\"Pie\u0328tro - Sypialnia 1\" data-e-action-hash=\"#elementor-action%3Aaction%3Dlightbox%26settings%3DeyJpZCI6NDc2NiwidXJsIjoiaHR0cHM6XC9cL2RhbHZlc3QucGxcL3dwLWNvbnRlbnRcL3VwbG9hZHNcLzIwMjVcLzEwXC9QaWV0cm8tU3lwaWFsbmlhLTEuanBnIiwic2xpZGVzaG93IjoiMjQ2M2MyMzAifQ%3D%3D\" href='https:\/\/dalvest.pl\/wp-content\/uploads\/2025\/10\/Pietro-Sypialnia-1.jpg'><img loading=\"lazy\" decoding=\"async\" width=\"1920\" height=\"1080\" src=\"https:\/\/dalvest.pl\/wp-content\/uploads\/2025\/10\/Pietro-Sypialnia-1.jpg\" class=\"attachment-full size-full\" alt=\"\" srcset=\"https:\/\/dalvest.pl\/wp-content\/uploads\/2025\/10\/Pietro-Sypialnia-1.jpg 1920w, https:\/\/dalvest.pl\/wp-content\/uploads\/2025\/10\/Pietro-Sypialnia-1-300x169.jpg 300w, https:\/\/dalvest.pl\/wp-content\/uploads\/2025\/10\/Pietro-Sypialnia-1-1024x576.jpg 1024w, https:\/\/dalvest.pl\/wp-content\/uploads\/2025\/10\/Pietro-Sypialnia-1-768x432.jpg 768w, https:\/\/dalvest.pl\/wp-content\/uploads\/2025\/10\/Pietro-Sypialnia-1-1536x864.jpg 1536w\" sizes=\"(max-width: 1920px) 100vw, 1920px\" \/><\/a>\n\t\t\t<\/div><\/figure>\n\t\t<\/div>\n\t\t<\/div>\n\t\t\t\t\t\t<\/div>\n\t\t\t\t<\/div>\n\t\t\t\t<\/div>\n\t\t\t\t\t<\/div>\n\t\t\t\t<\/div>\n\t\t\t\t<\/div>\n\t\t","protected":false},"excerpt":{"rendered":"<p>Dalvest &#8211; Twoje marzenie o idealnym domu Poznaj inwestycj\u0119 B\u0142\u0119kitne zacisze B\u0142\u0119kitne Zacisze to kameralne osiedle sk\u0142adaj\u0105ce si\u0119 z pi\u0119ciu dom\u00f3w w zabudowie bli\u017aniaczej, oferuj\u0105cych \u0142\u0105cznie osiem komfortowych lokali. Inwestycja powsta\u0142a z my\u015bl\u0105 o osobach, kt\u00f3re pragn\u0105 \u017cy\u0107 w harmonii z natur\u0105, w spokojnej i bezpiecznej okolicy, nie rezygnuj\u0105c przy tym z wygody codziennego \u017cycia [&hellip;]<\/p>\n","protected":false},"author":1,"featured_media":0,"parent":0,"menu_order":0,"comment_status":"closed","ping_status":"closed","template":"","meta":{"site-sidebar-layout":"no-sidebar","site-content-layout":"page-builder","ast-site-content-layout":"full-width-container","site-content-style":"default","site-sidebar-style":"default","ast-global-header-display":"","ast-banner-title-visibility":"","ast-main-header-display":"","ast-hfb-above-header-display":"","ast-hfb-below-header-display":"","ast-hfb-mobile-header-display":"","site-post-title":"","ast-breadcrumbs-content":"","ast-featured-img":"disabled","footer-sml-layout":"","theme-transparent-header-meta":"","adv-header-id-meta":"","stick-header-meta":"","header-above-stick-meta":"","header-main-stick-meta":"","header-below-stick-meta":"","astra-migrate-meta-layouts":"set","ast-page-background-enabled":"default","ast-page-background-meta":{"desktop":{"background-color":"","background-image":"","background-repeat":"repeat","background-position":"center center","background-size":"auto","background-attachment":"scroll","background-type":"","background-media":"","overlay-type":"","overlay-color":"","overlay-opacity":"","overlay-gradient":""},"tablet":{"background-color":"","background-image":"","background-repeat":"repeat","background-position":"center center","background-size":"auto","background-attachment":"scroll","background-type":"","background-media":"","overlay-type":"","overlay-color":"","overlay-opacity":"","overlay-gradient":""},"mobile":{"background-color":"","background-image":"","background-repeat":"repeat","background-position":"center center","background-size":"auto","background-attachment":"scroll","background-type":"","background-media":"","overlay-type":"","overlay-color":"","overlay-opacity":"","overlay-gradient":""}},"ast-content-background-meta":{"desktop":{"background-color":"var(--ast-global-color-5)","background-image":"","background-repeat":"repeat","background-position":"center center","background-size":"auto","background-attachment":"scroll","background-type":"","background-media":"","overlay-type":"","overlay-color":"","overlay-opacity":"","overlay-gradient":""},"tablet":{"background-color":"var(--ast-global-color-5)","background-image":"","background-repeat":"repeat","background-position":"center center","background-size":"auto","background-attachment":"scroll","background-type":"","background-media":"","overlay-type":"","overlay-color":"","overlay-opacity":"","overlay-gradient":""},"mobile":{"background-color":"var(--ast-global-color-5)","background-image":"","background-repeat":"repeat","background-position":"center center","background-size":"auto","background-attachment":"scroll","background-type":"","background-media":"","overlay-type":"","overlay-color":"","overlay-opacity":"","overlay-gradient":""}},"footnotes":""},"class_list":["post-4347","page","type-page","status-publish","hentry"],"_links":{"self":[{"href":"https:\/\/dalvest.pl\/index.php?rest_route=\/wp\/v2\/pages\/4347","targetHints":{"allow":["GET"]}}],"collection":[{"href":"https:\/\/dalvest.pl\/index.php?rest_route=\/wp\/v2\/pages"}],"about":[{"href":"https:\/\/dalvest.pl\/index.php?rest_route=\/wp\/v2\/types\/page"}],"author":[{"embeddable":true,"href":"https:\/\/dalvest.pl\/index.php?rest_route=\/wp\/v2\/users\/1"}],"replies":[{"embeddable":true,"href":"https:\/\/dalvest.pl\/index.php?rest_route=%2Fwp%2Fv2%2Fcomments&post=4347"}],"version-history":[{"count":24,"href":"https:\/\/dalvest.pl\/index.php?rest_route=\/wp\/v2\/pages\/4347\/revisions"}],"predecessor-version":[{"id":5144,"href":"https:\/\/dalvest.pl\/index.php?rest_route=\/wp\/v2\/pages\/4347\/revisions\/5144"}],"wp:attachment":[{"href":"https:\/\/dalvest.pl\/index.php?rest_route=%2Fwp%2Fv2%2Fmedia&parent=4347"}],"curies":[{"name":"wp","href":"https:\/\/api.w.org\/{rel}","templated":true}]}}